{"id":7957,"date":"2021-05-24T11:45:36","date_gmt":"2021-05-24T16:45:36","guid":{"rendered":"http:\/\/www.ondasdeltonusco.com\/?page_id=7957"},"modified":"2021-05-24T11:47:14","modified_gmt":"2021-05-24T16:47:14","slug":"ppdp","status":"publish","type":"page","link":"http:\/\/www.ondasdeltonusco.com\/en\/ppdp\/","title":{"rendered":"POL\u00cdTICA DE PROTECCI\u00d3N DE DATOS"},"content":{"rendered":"<div class=\"vc_row wpb_row vc_row-fluid qt-custom-composer\"><div class=\"wpb_column vc_column_container vc_col-sm-2\"><div class=\"vc_column-inner\"><div class=\"wpb_wrapper\"><\/div><\/div><\/div><div class=\"wpb_column vc_column_container vc_col-sm-8\"><div class=\"vc_column-inner\"><div class=\"wpb_wrapper\">\t\t\t<hr class=\"qt-spacer-l\">\n\t\t\t\t\t<hr class=\"qt-spacer-m\">\n\t\t\n\t<div class=\"wpb_text_column wpb_content_element\" >\n\t\t<div class=\"wpb_wrapper\">\n\t\t\t<h2 class=\"font_8\" style=\"text-align: center;\"><strong>POL\u00cdTICA DE PROTECCI\u00d3N DE DATOS<\/strong><\/h2>\n<p class=\"font_8\">Ondas Del Tonusco con domicilio en Santaf\u00e9 de Antioquia, <span class=\"color_15\">Cl. 11 #10-27 y tel\u00e9fono <\/span><span class=\"color_15\">+57 (034) 8533733<\/span><span class=\"color_15\">, pone en conocimiento de los titulares de los datos personales sometidos a <\/span>tratamiento por \u00e9sta, la presente pol\u00edtica, en cumplimiento de lo dispuesto por la Ley 1581 de 2012 y el Decreto 1377 de 2013.<\/p>\n<p class=\"font_8\">Lo anterior con el prop\u00f3sito de garantizar el derecho constitucional que tienen las personas naturales a conocer, actualizar, rectificar y suprimir la informaci\u00f3n personal que haya sido recopilada sobre ellas en bases de datos y en consecuencia, informarlos de los derechos que en relaci\u00f3n con sus datos personales les asisten, de los procedimientos y mecanismos dispuestos para hacerlos efectivos y darles a conocer el alcance y la finalidad del o los tratamiento(s) al que ser\u00e1n sometidos, previo el otorgamiento de la autorizaci\u00f3n, previa, expresa e informada.<\/p>\n<p class=\"font_8\">Para efectos de la presente pol\u00edtica Ondas Del Tonusco se considerar\u00e1 como el Responsable del tratamiento, en adelante EL RESPONSABLE&#8230;<\/p>\n<h3 class=\"font_8\">Tratamiento y finalidades<\/h3>\n<p class=\"font_8\">En el desarrollo de su actividad empresarial,\u00a0 ONDAS DEL TONUSCO \u2013EL RESPONSABLE-, lleva a cabo el tratamiento de datos de personas naturales que est\u00e1n almacenados y son tratados en bases de datos destinadas a diferentes finalidades, todas leg\u00edtimas, en cumpliendo de la Constituci\u00f3n y la Ley.<\/p>\n<p class=\"font_8\">A continuaci\u00f3n, se se\u00f1alan las finalidades de las diferentes bases de datos y el tratamiento que se realiza sobre los datos personales en ellas recogidos:<\/p>\n<p class=\"font_8\">Finalidades:<\/p>\n<p class=\"font_8\">Gesti\u00f3n financiera y tributaria, Gesti\u00f3n fiscal y de reporte a autoridades, Gesti\u00f3n de ventas, mercadeo y estad\u00edsticas, Gesti\u00f3n del talento humano, Gesti\u00f3n de concursos, Gesti\u00f3n de la seguridad y manejo de emergencias.<\/p>\n<p class=\"font_8\">Tratamiento:<\/p>\n<p class=\"font_8\">Recolecci\u00f3n, Almacenamiento, Actualizaci\u00f3n o modificaci\u00f3n, Divulgaci\u00f3n (a autoridades en cumplimiento de la ley), Supresi\u00f3n del dato, Derechos de los titulares de la informaci\u00f3n.<\/p>\n<p class=\"font_8\"><span class=\"wixGuard\">\u200b<\/span>De acuerdo con la Ley 1581 de 2012, los derechos de los titulares de la informaci\u00f3n, son:<\/p>\n<p class=\"font_8\"><strong>A presentar consultas<\/strong>. El titular tiene derecho a presentar ante EL RESPONSABLE solicitudes de consulta, con el fin de ser informado sobre el uso que se le est\u00e1 dando a sus datos personales y la finalidad del tratamiento.<\/p>\n<p><strong>A presentar reclamos.<\/strong> Mediante la presentaci\u00f3n de un reclamo ante EL RESPONABLE, el titular puede solicitar:<\/p>\n<p class=\"font_8\">Que se actualicen, rectifiquen o modifiquen los datos personales que han sido incluidos en una o varias bases de datos a cargo de EL RESPONABLE y que resultan parciales, inexactos, incompletos, fraccionados, que induzcan a error, o aquellos cuyo tratamiento est\u00e9 expresamente prohibido o no haya sido autorizado.<\/p>\n<p class=\"font_8\">Que se supriman\u00a0los datos personales que no resulten pertinentes seg\u00fan la finalidad de la base, o que no respeten los principios, derechos y garant\u00edas reconocidos en la Constituci\u00f3n y la ley .<\/p>\n<p class=\"font_8\">La revocatoria\u00a0de la autorizaci\u00f3n inicialmente otorgada.<\/p>\n<p class=\"font_8\">Que\u00a0se subsane\u00a0en determinado caso, cualquier incumplimiento de la Constituci\u00f3n o de la ley en materia de protecci\u00f3n de datos personales.<\/p>\n<p class=\"font_8\"><strong>A solicitar<\/strong> prueba de la autorizaci\u00f3n\u00a0otorgada al responsable del tratamiento, salvo cuando expresamente se except\u00fae como requisito para el tratamiento de conformidad con la ley.<\/p>\n<p class=\"font_8\">A presentar ante la Superintendencia de Industria y Comercio quejas por infracciones a la Ley 1581 de 2012 y decretos reglamentarios. El\u00a0Titular o causahabiente solo podr\u00e1 presentar la respectiva queja, una vez haya agotado el tr\u00e1mite de consulta o reclamo ante EL RESPONSABLE del tratamiento.<\/p>\n<p class=\"font_8\"><strong>A acceder<\/strong> en forma gratuita a sus datos\u00a0personales\u00a0al menos una vez al mes.<\/p>\n<p class=\"font_8\">Persona o \u00e1rea de EL RESPOSNABLE ante la cual el titular puede presentar peticiones, consultas y reclamos.<\/p>\n<p class=\"font_8\">Para que el titular pueda ejercer sus derechos a conocer, actualizar, rectificar, solicitar la supresi\u00f3n o la revocatoria de la autorizaci\u00f3n en relaci\u00f3n con sus datos personales, podr\u00e1 dirigirse a la Oficina principal de la CORPORACI\u00d3N TONUSCO.<\/p>\n<p class=\"font_8\">La solicitud respectiva se podr\u00e1 presentar a trav\u00e9s del correo electr\u00f3nico <a href=\"mailto:ondasdeltonusco@gmail.com\">ondasdeltonusco@gmail.com<\/a><\/p>\n<p class=\"font_8\">Procedimiento para que los titulares puedan ejercer los derechos a presentar consultas y reclamos:<\/p>\n<p class=\"font_8\"><strong>Presentaci\u00f3n de Consultas<\/strong><\/p>\n<p class=\"font_8\">Los Titulares o sus causahabientes podr\u00e1n consultar la informaci\u00f3n personal del Titular que repose en cualquier base de datos a cargo de EL RESPONSABLE.<\/p>\n<p class=\"font_8\">EL RESPONSABLE deber\u00e1 suministrar a estos toda la informaci\u00f3n contenida en el registro individual o que est\u00e9 vinculada con la identificaci\u00f3n del titular.<\/p>\n<p class=\"font_8\">La solicitud deber\u00e1 contener la siguiente informaci\u00f3n:<\/p>\n<p class=\"font_8\">Nombre y apellidos del Titular.<\/p>\n<p class=\"font_8\">Fotocopia del documento de identidad del titular o, en su caso, del causahabiente o de la persona que representa al titular. En \u00e9stos \u00faltimos casos, se deber\u00e1 adjuntar tambi\u00e9n, el documento que acredita la calidad de causahabiente o la representaci\u00f3n.<\/p>\n<p class=\"font_8\">Objeto de la petici\u00f3n.<\/p>\n<p class=\"font_8\">Direcci\u00f3n para notificaciones, fecha y firma del solicitante con presentaci\u00f3n personal ante Notario P\u00fablico.<\/p>\n<p class=\"font_8\"><strong>Documentos que se quieran hacer valer:<\/strong><\/p>\n<p class=\"font_8\">La consulta ser\u00e1 tramitada de acuerdo con el procedimiento se\u00f1alado en el art\u00edculo 14 de la Ley 1581 de 2012. \u00c9sta deber\u00e1 ser atendida en un t\u00e9rmino m\u00e1ximo de diez (10) d\u00edas h\u00e1biles contados a partir de la fecha de recibo de la misma.<\/p>\n<p class=\"font_8\"><strong>Presentaci\u00f3n de reclamos:<\/strong><\/p>\n<p class=\"font_8\">El Titular o sus causahabientes que consideren que la informaci\u00f3n contenida en una base de datos a cargo de EL RESPONSABLE debe ser objeto de correcci\u00f3n, actualizaci\u00f3n o supresi\u00f3n, o cuando adviertan el presunto incumplimiento de cualquiera de los deberes contemplados por la Constitici\u00f3n o la Ley 1581 de 2012 y sus decretos reglamentarios, podr\u00e1n presentar un reclamo, el cual ser\u00e1 tramitado bajo las siguientes reglas:<\/p>\n<p class=\"font_8\">El reclamo se formular\u00e1 mediante solicitud dirigida a EL RESPONSABLE seg\u00fan lo dispuesto en el numeral 8 de la presente pol\u00edtica.<\/p>\n<p class=\"font_8\">La solicitud deber\u00e1 contener la siguiente informaci\u00f3n:<\/p>\n<ul>\n<li class=\"font_8\">Nombre y apellidos del Titular.<\/li>\n<li class=\"font_8\">Fotocopia del documento de identidad del titular o en su caso, del causahabiente o de la persona que representa al titular. En \u00e9stos \u00faltimos casos, se deber\u00e1 adjuntar tambi\u00e9n, el documento que acredita la calidad de causahabiente o la representaci\u00f3n.<\/li>\n<\/ul>\n<p class=\"font_8\"><strong>Objeto de la petici\u00f3n:<\/strong><\/p>\n<ul>\n<li class=\"font_8\">Descripci\u00f3n de los hechos y exposici\u00f3n de las razones en las que se concreta la solicitud de actualizaci\u00f3n, correcci\u00f3n, supresi\u00f3n, revocaci\u00f3n.<\/li>\n<li class=\"font_8\">Direcci\u00f3n para notificaciones, fecha y firma del solicitante con presentaci\u00f3n Personal ante Notario P\u00fablico.<\/li>\n<\/ul>\n<p class=\"font_8\"><strong>Documentos que se quieran hacer valer:<\/strong><\/p>\n<p class=\"font_8\">El reclamo ser\u00e1 atendido de acuerdo con el procedimiento se\u00f1alado en el art\u00edculo 15 de la Ley 1581 de 2012, en un t\u00e9rmino m\u00e1ximo de quince (15) d\u00edas h\u00e1biles contados a partir del d\u00eda siguiente a la fecha de su recibo.<\/p>\n<p class=\"font_8\"><strong>Entrada en Vigencia<\/strong><\/p>\n<p class=\"font_8\">La Pol\u00edtica de Protecci\u00f3n de datos personales entr\u00f3 en vigencia a partir del 27 de Julio de 2013 y podr\u00e1 ser modificada o actualizada en cualquier momento por ONDAS DEL TONUSCO en cumplimiento de la ley.<\/p>\n\n\t\t<\/div>\n\t<\/div>\n\t\t\t<hr class=\"qt-spacer-m\">\n\t\t\t\t\t<hr class=\"qt-spacer-m\">\n\t\t<\/div><\/div><\/div><div class=\"wpb_column vc_column_container vc_col-sm-2\"><div class=\"vc_column-inner\"><div class=\"wpb_wrapper\"><\/div><\/div><\/div><\/div>","protected":false},"excerpt":{"rendered":"POL\u00cdTICA DE PROTECCI\u00d3N DE DATOS Ondas Del Tonusco con domicilio en Santaf\u00e9 de Antioquia, Cl. 11 #10-27 y tel\u00e9fono +57 (034) 8533733, pone en conocimiento de los titulares de los datos personales sometidos a tratamiento por \u00e9sta, la presente pol\u00edtica, en cumplimiento de lo dispuesto por la Ley 1581 de 2012 y el Decreto 1377 [...]","protected":false},"author":1,"featured_media":0,"parent":0,"menu_order":0,"comment_status":"closed","ping_status":"closed","template":"page-visualcomposer.php","meta":[],"yoast_head":"<!-- This site is optimized with the Yoast SEO plugin v16.4 - https:\/\/yoast.com\/wordpress\/plugins\/seo\/ -->\n<title>POL\u00cdTICA DE PROTECCI\u00d3N DE DATOS - Ondas Del Tonusco<\/title>\n<meta name=\"robots\" content=\"index, follow, max-snippet:-1, max-image-preview:large, max-video-preview:-1\" \/>\n<link rel=\"canonical\" href=\"http:\/\/www.ondasdeltonusco.com\/en\/ppdp\/\" \/>\n<meta property=\"og:locale\" content=\"en_US\" \/>\n<meta property=\"og:type\" content=\"article\" \/>\n<meta property=\"og:title\" content=\"POL\u00cdTICA DE PROTECCI\u00d3N DE DATOS - Ondas Del Tonusco\" \/>\n<meta property=\"og:url\" content=\"http:\/\/www.ondasdeltonusco.com\/en\/ppdp\/\" \/>\n<meta property=\"og:site_name\" content=\"Ondas Del Tonusco\" \/>\n<meta property=\"article:modified_time\" content=\"2021-05-24T16:47:14+00:00\" \/>\n<meta name=\"twitter:card\" content=\"summary_large_image\" \/>\n<meta name=\"twitter:label1\" content=\"Est. reading time\" \/>\n\t<meta name=\"twitter:data1\" content=\"5 minutes\" \/>\n<script type=\"application\/ld+json\" class=\"yoast-schema-graph\">{\"@context\":\"https:\/\/schema.org\",\"@graph\":[{\"@type\":\"WebSite\",\"@id\":\"http:\/\/www.ondasdeltonusco.com\/en\/#website\",\"url\":\"http:\/\/www.ondasdeltonusco.com\/en\/\",\"name\":\"Ondas Del Tonusco\",\"description\":\"104.4 FM\",\"potentialAction\":[{\"@type\":\"SearchAction\",\"target\":\"http:\/\/www.ondasdeltonusco.com\/en\/?s={search_term_string}\",\"query-input\":\"required name=search_term_string\"}],\"inLanguage\":\"en-US\"},{\"@type\":\"WebPage\",\"@id\":\"https:\/\/www.ondasdeltonusco.com\/ppdp\/#webpage\",\"url\":\"https:\/\/www.ondasdeltonusco.com\/ppdp\/\",\"name\":\"POL\\u00cdTICA DE PROTECCI\\u00d3N DE DATOS - Ondas Del Tonusco\",\"isPartOf\":{\"@id\":\"http:\/\/www.ondasdeltonusco.com\/en\/#website\"},\"datePublished\":\"2021-05-24T16:45:36+00:00\",\"dateModified\":\"2021-05-24T16:47:14+00:00\",\"breadcrumb\":{\"@id\":\"https:\/\/www.ondasdeltonusco.com\/ppdp\/#breadcrumb\"},\"inLanguage\":\"en-US\",\"potentialAction\":[{\"@type\":\"ReadAction\",\"target\":[\"https:\/\/www.ondasdeltonusco.com\/ppdp\/\"]}]},{\"@type\":\"BreadcrumbList\",\"@id\":\"https:\/\/www.ondasdeltonusco.com\/ppdp\/#breadcrumb\",\"itemListElement\":[{\"@type\":\"ListItem\",\"position\":1,\"item\":{\"@type\":\"WebPage\",\"@id\":\"http:\/\/www.ondasdeltonusco.com\/en\/\",\"url\":\"http:\/\/www.ondasdeltonusco.com\/en\/\",\"name\":\"Home\"}},{\"@type\":\"ListItem\",\"position\":2,\"item\":{\"@id\":\"https:\/\/www.ondasdeltonusco.com\/ppdp\/#webpage\"}}]}]}<\/script>\n<!-- \/ Yoast SEO plugin. -->","_links":{"self":[{"href":"http:\/\/www.ondasdeltonusco.com\/en\/wp-json\/wp\/v2\/pages\/7957"}],"collection":[{"href":"http:\/\/www.ondasdeltonusco.com\/en\/wp-json\/wp\/v2\/pages"}],"about":[{"href":"http:\/\/www.ondasdeltonusco.com\/en\/wp-json\/wp\/v2\/types\/page"}],"author":[{"embeddable":true,"href":"http:\/\/www.ondasdeltonusco.com\/en\/wp-json\/wp\/v2\/users\/1"}],"replies":[{"embeddable":true,"href":"http:\/\/www.ondasdeltonusco.com\/en\/wp-json\/wp\/v2\/comments?post=7957"}],"version-history":[{"count":3,"href":"http:\/\/www.ondasdeltonusco.com\/en\/wp-json\/wp\/v2\/pages\/7957\/revisions"}],"predecessor-version":[{"id":7960,"href":"http:\/\/www.ondasdeltonusco.com\/en\/wp-json\/wp\/v2\/pages\/7957\/revisions\/7960"}],"wp:attachment":[{"href":"http:\/\/www.ondasdeltonusco.com\/en\/wp-json\/wp\/v2\/media?parent=7957"}],"curies":[{"name":"wp","href":"https:\/\/api.w.org\/{rel}","templated":true}]}}