{"id":7939,"date":"2021-05-24T11:13:31","date_gmt":"2021-05-24T16:13:31","guid":{"rendered":"http:\/\/www.ondasdeltonusco.com\/?page_id=7939"},"modified":"2021-06-16T12:09:54","modified_gmt":"2021-06-16T17:09:54","slug":"atencionaloyente","status":"publish","type":"page","link":"http:\/\/www.ondasdeltonusco.com\/en\/atencionaloyente\/","title":{"rendered":"Atenci\u00f3n Al Oyente"},"content":{"rendered":"<div class=\"vc_row wpb_row vc_row-fluid qt-custom-composer\"><div class=\"wpb_column vc_column_container vc_col-sm-2\"><div class=\"vc_column-inner\"><div class=\"wpb_wrapper\"><\/div><\/div><\/div><div class=\"wpb_column vc_column_container vc_col-sm-8\"><div class=\"vc_column-inner\"><div class=\"wpb_wrapper\">\t\t\t<hr class=\"qt-spacer-m\">\n\t\t\t\t\t<hr class=\"qt-spacer-s\">\n\t\t\n\t<div class=\"wpb_text_column wpb_content_element\" >\n\t\t<div class=\"wpb_wrapper\">\n\t\t\t<h2 style=\"text-align: center;\">Contacto &amp; Atenci\u00f3n al Oyente<\/h2>\n<p class=\"font_8\">Para la <a href=\"http:\/\/www.corporaciontonusco.com\">Corporaci\u00f3n Tonusco<\/a> es muy importante conocer la opini\u00f3n de los oyentes por lo mismo, hemos habilitado este espacio, para recibir sus sugerencias y\/o comentarios.<\/p>\n<p class=\"font_8\">Recuerde que en este espacio usted podr\u00e1 expresar sus comentarios para que nosotros como medio comunitario le demos una pronta respuesta. Si desea, puede comunicarse con nosotros a las siguiente l\u00ednea\u00a0 <strong>+57 (034) <\/strong><span class=\"color_15\"><strong>853 37 33<\/strong><br \/>\n<\/span><\/p>\n<p class=\"font_8\"><span class=\"wixGuard\">\u200b<\/span>Gracias por escribirnos. Su opini\u00f3n es muy importante para nosotros.<\/p>\n\n\t\t<\/div>\n\t<\/div>\n<div role=\"form\" class=\"wpcf7\" id=\"wpcf7-f7940-o1\" lang=\"es-CO\" dir=\"ltr\">\n<div class=\"screen-reader-response\"><p role=\"status\" aria-live=\"polite\" aria-atomic=\"true\"><\/p> <ul><\/ul><\/div>\n<form action=\"\/en\/wp-json\/wp\/v2\/pages\/7939#wpcf7-f7940-o1\" method=\"post\" class=\"wpcf7-form init\" novalidate=\"novalidate\" data-status=\"init\" data-trp-original-action=\"\/en\/wp-json\/wp\/v2\/pages\/7939#wpcf7-f7940-o1\">\n<div style=\"display: none;\">\n<input type=\"hidden\" name=\"_wpcf7\" value=\"7940\" \/>\n<input type=\"hidden\" name=\"_wpcf7_version\" value=\"5.5.3\" \/>\n<input type=\"hidden\" name=\"_wpcf7_locale\" value=\"es_CO\" \/>\n<input type=\"hidden\" name=\"_wpcf7_unit_tag\" value=\"wpcf7-f7940-o1\" \/>\n<input type=\"hidden\" name=\"_wpcf7_container_post\" value=\"0\" \/>\n<input type=\"hidden\" name=\"_wpcf7_posted_data_hash\" value=\"\" \/>\n<\/div>\n<p><label> Su nombre<br>\n    <input type=\"text\" name=\"your-name\" value=\"\" size=\"40\" class=\"wpcf7-form-control wpcf7-text wpcf7-validates-as-required\" aria-required=\"true\" aria-invalid=\"false\"> <\/label><p><label> Su correo electr&oacute;nico<br>\n    <input type=\"email\" name=\"your-email\" value=\"\" size=\"40\" class=\"wpcf7-form-control wpcf7-text wpcf7-email wpcf7-validates-as-required wpcf7-validates-as-email\" aria-required=\"true\" aria-invalid=\"false\"> <\/label><\/p><p><label> Asunto<br>\n    <input type=\"text\" name=\"your-subject\" value=\"\" size=\"40\" class=\"wpcf7-form-control wpcf7-text wpcf7-validates-as-required\" aria-required=\"true\" aria-invalid=\"false\"> <\/label><\/p><p><label> Su mensaje (opcional)<br>\n    <textarea name=\"your-message\" cols=\"40\" rows=\"10\" class=\"wpcf7-form-control wpcf7-textarea\" aria-invalid=\"false\"><\/textarea> <\/label><\/p><p><input type=\"submit\" value=\"Enviar\" class=\"wpcf7-form-control has-spinner wpcf7-submit\"><\/p><\/p>\n<p style=\"display: none !important;\"><label>&#916;<textarea name=\"_wpcf7_ak_hp_textarea\" cols=\"45\" rows=\"8\" maxlength=\"100\"><\/textarea><\/label><input type=\"hidden\" id=\"ak_js\" name=\"_wpcf7_ak_js\" value=\"22\"\/><script>document.getElementById( \"ak_js\" ).setAttribute( \"value\", ( new Date() ).getTime() );<\/script><\/p><div class=\"wpcf7-response-output\" aria-hidden=\"true\"><\/div><input type=\"hidden\" name=\"trp-form-language\" value=\"en\"\/><\/form><\/div>\n\t<div  class=\"wpb_single_image wpb_content_element vc_align_left\">\n\t\t\n\t\t<figure class=\"wpb_wrapper vc_figure\">\n\t\t\t<a href=\"https:\/\/www.corporaciontonusco.com\" target=\"_self\" class=\"vc_single_image-wrapper vc_box_shadow_3d  vc_box_border_grey\"><img class=\"vc_single_image-img\" src=\"http:\/\/www.ondasdeltonusco.com\/wp-content\/uploads\/2021\/06\/bannercorto.jpg\" width=\"1153\" height=\"120\" alt=\"bannercorto\" title=\"bannercorto\" \/><\/a>\n\t\t<\/figure>\n\t<\/div>\n\t\t\t<hr class=\"qt-spacer-s\">\n\t\t<\/div><\/div><\/div><div class=\"wpb_column vc_column_container vc_col-sm-2\"><div class=\"vc_column-inner\"><div class=\"wpb_wrapper\"><\/div><\/div><\/div><\/div>","protected":false},"excerpt":{"rendered":"Contacto &amp; Atenci\u00f3n al Oyente Para la Corporaci\u00f3n Tonusco es muy importante conocer la opini\u00f3n de los oyentes por lo mismo, hemos habilitado este espacio, para recibir sus sugerencias y\/o comentarios. Recuerde que en este espacio usted podr\u00e1 expresar sus comentarios para que nosotros como medio comunitario le demos una pronta respuesta. Si desea, puede [...]","protected":false},"author":1,"featured_media":0,"parent":0,"menu_order":0,"comment_status":"closed","ping_status":"closed","template":"page-visualcomposer.php","meta":[],"yoast_head":"<!-- This site is optimized with the Yoast SEO plugin v16.4 - https:\/\/yoast.com\/wordpress\/plugins\/seo\/ -->\n<title>Atenci\u00f3n Al Oyente - Ondas Del Tonusco<\/title>\n<meta name=\"robots\" content=\"index, follow, max-snippet:-1, max-image-preview:large, max-video-preview:-1\" \/>\n<link rel=\"canonical\" href=\"http:\/\/www.ondasdeltonusco.com\/en\/atencionaloyente\/\" \/>\n<meta property=\"og:locale\" content=\"en_US\" \/>\n<meta property=\"og:type\" content=\"article\" \/>\n<meta property=\"og:title\" content=\"Atenci\u00f3n Al Oyente - Ondas Del Tonusco\" \/>\n<meta property=\"og:url\" content=\"http:\/\/www.ondasdeltonusco.com\/en\/atencionaloyente\/\" \/>\n<meta property=\"og:site_name\" content=\"Ondas Del Tonusco\" \/>\n<meta property=\"article:modified_time\" content=\"2021-06-16T17:09:54+00:00\" \/>\n<meta name=\"twitter:card\" content=\"summary_large_image\" \/>\n<meta name=\"twitter:label1\" content=\"Est. reading time\" \/>\n\t<meta name=\"twitter:data1\" content=\"1 minute\" \/>\n<script type=\"application\/ld+json\" class=\"yoast-schema-graph\">{\"@context\":\"https:\/\/schema.org\",\"@graph\":[{\"@type\":\"WebSite\",\"@id\":\"http:\/\/www.ondasdeltonusco.com\/en\/#website\",\"url\":\"http:\/\/www.ondasdeltonusco.com\/en\/\",\"name\":\"Ondas Del Tonusco\",\"description\":\"104.4 FM\",\"potentialAction\":[{\"@type\":\"SearchAction\",\"target\":\"http:\/\/www.ondasdeltonusco.com\/en\/?s={search_term_string}\",\"query-input\":\"required name=search_term_string\"}],\"inLanguage\":\"en-US\"},{\"@type\":\"WebPage\",\"@id\":\"http:\/\/www.ondasdeltonusco.com\/atencionaloyente\/#webpage\",\"url\":\"http:\/\/www.ondasdeltonusco.com\/atencionaloyente\/\",\"name\":\"Atenci\\u00f3n Al Oyente - Ondas Del Tonusco\",\"isPartOf\":{\"@id\":\"http:\/\/www.ondasdeltonusco.com\/en\/#website\"},\"datePublished\":\"2021-05-24T16:13:31+00:00\",\"dateModified\":\"2021-06-16T17:09:54+00:00\",\"breadcrumb\":{\"@id\":\"http:\/\/www.ondasdeltonusco.com\/atencionaloyente\/#breadcrumb\"},\"inLanguage\":\"en-US\",\"potentialAction\":[{\"@type\":\"ReadAction\",\"target\":[\"http:\/\/www.ondasdeltonusco.com\/atencionaloyente\/\"]}]},{\"@type\":\"BreadcrumbList\",\"@id\":\"http:\/\/www.ondasdeltonusco.com\/atencionaloyente\/#breadcrumb\",\"itemListElement\":[{\"@type\":\"ListItem\",\"position\":1,\"item\":{\"@type\":\"WebPage\",\"@id\":\"http:\/\/www.ondasdeltonusco.com\/en\/\",\"url\":\"http:\/\/www.ondasdeltonusco.com\/en\/\",\"name\":\"Home\"}},{\"@type\":\"ListItem\",\"position\":2,\"item\":{\"@id\":\"http:\/\/www.ondasdeltonusco.com\/atencionaloyente\/#webpage\"}}]}]}<\/script>\n<!-- \/ Yoast SEO plugin. -->","_links":{"self":[{"href":"http:\/\/www.ondasdeltonusco.com\/en\/wp-json\/wp\/v2\/pages\/7939"}],"collection":[{"href":"http:\/\/www.ondasdeltonusco.com\/en\/wp-json\/wp\/v2\/pages"}],"about":[{"href":"http:\/\/www.ondasdeltonusco.com\/en\/wp-json\/wp\/v2\/types\/page"}],"author":[{"embeddable":true,"href":"http:\/\/www.ondasdeltonusco.com\/en\/wp-json\/wp\/v2\/users\/1"}],"replies":[{"embeddable":true,"href":"http:\/\/www.ondasdeltonusco.com\/en\/wp-json\/wp\/v2\/comments?post=7939"}],"version-history":[{"count":19,"href":"http:\/\/www.ondasdeltonusco.com\/en\/wp-json\/wp\/v2\/pages\/7939\/revisions"}],"predecessor-version":[{"id":8120,"href":"http:\/\/www.ondasdeltonusco.com\/en\/wp-json\/wp\/v2\/pages\/7939\/revisions\/8120"}],"wp:attachment":[{"href":"http:\/\/www.ondasdeltonusco.com\/en\/wp-json\/wp\/v2\/media?parent=7939"}],"curies":[{"name":"wp","href":"https:\/\/api.w.org\/{rel}","templated":true}]}}